{"id":141,"date":"2015-07-24T03:26:17","date_gmt":"2015-07-24T03:26:17","guid":{"rendered":"http:\/\/demo.vegatheme.com\/archilight\/?page_id=141"},"modified":"2024-04-26T14:29:41","modified_gmt":"2024-04-26T12:29:41","slug":"homepage-slider","status":"publish","type":"page","link":"https:\/\/www.christophe-mas.com\/","title":{"rendered":"Home"},"content":{"rendered":"<section class=\"wpb-content-wrapper\"><p>[vc_row fullwidth=&#8221;yes&#8221;][vc_column]\n\t\t\t<!-- START Home Light REVOLUTION SLIDER 6.7.32 --><p class=\"rs-p-wp-fix\"><\/p>\n\t\t\t<rs-module-wrap id=\"rev_slider_1_1_wrapper\" data-source=\"gallery\" style=\"visibility:hidden;background:#e9e9e9;padding:0;\">\n\t\t\t\t<rs-module id=\"rev_slider_1_1\" style=\"\" data-version=\"6.7.32\">\n\t\t\t\t\t<rs-slides style=\"overflow: hidden; position: absolute;\">\n\t\t\t\t\t\t<rs-slide style=\"position: absolute;\" data-key=\"rs-1\" data-title=\"Slide 1\" data-thumb=\"\/\/www.christophe-mas.com\/wp-content\/uploads\/2023\/01\/20220825_155125-scaled-100x50.jpg\" data-anim=\"ms:500;\" data-in=\"o:0;\" data-out=\"a:false;\">\n\t\t\t\t\t\t\t<img decoding=\"async\" src=\"\/\/www.christophe-mas.com\/wp-content\/plugins\/revslider\/sr6\/assets\/assets\/dummy.png\" alt=\"\" title=\"20220825_155125\" width=\"2560\" height=\"1467\" class=\"rev-slidebg tp-rs-img rs-lazyload\" data-lazyload=\"\/\/www.christophe-mas.com\/wp-content\/uploads\/2023\/01\/20220825_155125-scaled.jpg\" data-bg=\"p:center top;\" data-no-retina>\n<!--\n\t\t\t\t\t\t\t--><rs-layer\n\t\t\t\t\t\t\t\tid=\"slider-1-slide-1-layer-1\" \n\t\t\t\t\t\t\t\tclass=\"big-white\"\n\t\t\t\t\t\t\t\tdata-type=\"text\"\n\t\t\t\t\t\t\t\tdata-color=\"#00ea2e\"\n\t\t\t\t\t\t\t\tdata-tsh=\"c:#000000;h:2px;v:2px;b:1px;\"\n\t\t\t\t\t\t\t\tdata-rsp_ch=\"on\"\n\t\t\t\t\t\t\t\tdata-xy=\"x:l,c,c,c;xo:150px,0,0,0;yo:123px,300px,400px,227px;\"\n\t\t\t\t\t\t\t\tdata-text=\"s:16,15,15,14;l:22;ls:6px,5px,4px,4px;fw:300;\"\n\t\t\t\t\t\t\t\tdata-frame_0=\"y:-50;\"\n\t\t\t\t\t\t\t\tdata-frame_1=\"e:expo.inOut;st:400;sp:800;\"\n\t\t\t\t\t\t\t\tdata-frame_999=\"y:-50;o:0;st:w;sp:450;\"\n\t\t\t\t\t\t\t\tstyle=\"z-index:8;font-family:'Montserrat';text-transform:uppercase;\"\n\t\t\t\t\t\t\t>un savoir-faire artisanal \n\t\t\t\t\t\t\t<\/rs-layer><!--\n\n\t\t\t\t\t\t\t--><h2\n\t\t\t\t\t\t\t\tid=\"slider-1-slide-1-layer-2\" \n\t\t\t\t\t\t\t\tclass=\"rs-layer big-text\"\n\t\t\t\t\t\t\t\tdata-type=\"text\"\n\t\t\t\t\t\t\t\tdata-color=\"#fff\"\n\t\t\t\t\t\t\t\tdata-rsp_ch=\"on\"\n\t\t\t\t\t\t\t\tdata-xy=\"x:l,l,l,c;xo:150px,131px,99px,0;y:m;yo:-30px,-26px,-19px,-51px;\"\n\t\t\t\t\t\t\t\tdata-text=\"s:52,45,34,30;l:52,45,34,31;ls:8px,7px,5px,4px;fw:300;\"\n\t\t\t\t\t\t\t\tdata-dim=\"minh:0px,none,none,none;\"\n\t\t\t\t\t\t\t\tdata-frame_0=\"sX:2;sY:2;\"\n\t\t\t\t\t\t\t\tdata-frame_1=\"e:expo.inOut;st:400;sp:800;sR:400;\"\n\t\t\t\t\t\t\t\tdata-frame_999=\"x:0;y:0;z:-50;sX:0.85;sY:0.85;o:0;rX:0;rY:0;rZ:0;skX:0;skY:0;e:expo.inOut;st:w;sp:400;sR:4800;\"\n\t\t\t\t\t\t\t\tstyle=\"z-index:9;font-family:'Montserrat';text-transform:uppercase;\"\n\t\t\t\t\t\t\t>CR\u00c9ATEUR DE CUISINES \n\t\t\t\t\t\t\t<\/h2><!--\n\n\t\t\t\t\t\t\t--><a\n\t\t\t\t\t\t\t\tid=\"slider-1-slide-1-layer-11\" \n\t\t\t\t\t\t\t\tclass=\"rs-layer rev-btn\"\n\t\t\t\t\t\t\t\thref=\"#\" target=\"_self\" rel=\"nofollow\"\n\t\t\t\t\t\t\t\tdata-type=\"button\"\n\t\t\t\t\t\t\t\tdata-rsp_ch=\"on\"\n\t\t\t\t\t\t\t\tdata-xy=\"x:l,c,c,c;xo:150px,0,0,0;yo:299px,450px,540px,350px;\"\n\t\t\t\t\t\t\t\tdata-text=\"w:normal;s:13,11,12,11;l:24,21,24,22;ls:3px,2px,1px,1px;fw:700,700,700,600;\"\n\t\t\t\t\t\t\t\tdata-dim=\"minh:0px,none,none,none;\"\n\t\t\t\t\t\t\t\tdata-padding=\"t:7,6,5,3;r:30,26,20,12;b:7,6,5,3;l:30,26,20,12;\"\n\t\t\t\t\t\t\t\tdata-border=\"bos:solid;boc:#ffffff;bow:2px,2px,2px,2px;\"\n\t\t\t\t\t\t\t\tdata-frame_0=\"y:50,43,32,19;\"\n\t\t\t\t\t\t\t\tdata-frame_1=\"e:expo.inOut;st:800;sp:400;\"\n\t\t\t\t\t\t\t\tdata-frame_999=\"y:50,43,32,19;o:0;st:w;sp:450;\"\n\t\t\t\t\t\t\t\tdata-frame_hover=\"c:#222;bgc:#fff;boc:#fff;bor:0px,0px,0px,0px;bos:solid;bow:2px,2px,2px,2px;sp:300ms;e:default;\"\n\t\t\t\t\t\t\t\tstyle=\"z-index:10;background-color:rgba(0,0,0,0);font-family:'Montserrat';text-transform:uppercase;\"\n\t\t\t\t\t\t\t>Notre portfolio \n\t\t\t\t\t\t\t<\/a><!--\n-->\t\t\t\t\t<\/rs-slide>\n\t\t\t\t\t\t<rs-slide style=\"position: absolute;\" data-key=\"rs-2\" data-title=\"Slide 1\" data-thumb=\"\/\/www.christophe-mas.com\/wp-content\/uploads\/2023\/01\/bureau-scaled-100x50.jpg\" data-anim=\"ms:500;\" data-in=\"o:0;\" data-out=\"a:false;\">\n\t\t\t\t\t\t\t<img decoding=\"async\" src=\"\/\/www.christophe-mas.com\/wp-content\/plugins\/revslider\/sr6\/assets\/assets\/dummy.png\" alt=\"\" title=\"bureau\" width=\"2560\" height=\"1467\" class=\"rev-slidebg tp-rs-img rs-lazyload\" data-lazyload=\"\/\/www.christophe-mas.com\/wp-content\/uploads\/2023\/01\/bureau-scaled.jpg\" data-bg=\"p:center top;\" data-no-retina>\n<!--\n\t\t\t\t\t\t\t--><rs-layer\n\t\t\t\t\t\t\t\tid=\"slider-1-slide-2-layer-1\" \n\t\t\t\t\t\t\t\tclass=\"big-white\"\n\t\t\t\t\t\t\t\tdata-type=\"text\"\n\t\t\t\t\t\t\t\tdata-color=\"#800000\"\n\t\t\t\t\t\t\t\tdata-rsp_ch=\"on\"\n\t\t\t\t\t\t\t\tdata-xy=\"x:l,c,c,c;xo:60px,0,0,0;yo:160px,300px,400px,227px;\"\n\t\t\t\t\t\t\t\tdata-text=\"s:16,15,15,14;l:22;ls:6px,5px,4px,4px;fw:300;\"\n\t\t\t\t\t\t\t\tdata-frame_0=\"y:-50;\"\n\t\t\t\t\t\t\t\tdata-frame_1=\"e:expo.inOut;st:400;sp:800;\"\n\t\t\t\t\t\t\t\tdata-frame_999=\"y:-50;o:0;st:w;sp:450;\"\n\t\t\t\t\t\t\t\tstyle=\"z-index:8;font-family:'Montserrat';text-transform:uppercase;\"\n\t\t\t\t\t\t\t>ergonomiques et \u00e9l\u00e9gants \n\t\t\t\t\t\t\t<\/rs-layer><!--\n\n\t\t\t\t\t\t\t--><h2\n\t\t\t\t\t\t\t\tid=\"slider-1-slide-2-layer-2\" \n\t\t\t\t\t\t\t\tclass=\"rs-layer big-text\"\n\t\t\t\t\t\t\t\tdata-type=\"text\"\n\t\t\t\t\t\t\t\tdata-color=\"rgba(255, 255, 255, 1)\"\n\t\t\t\t\t\t\t\tdata-rsp_ch=\"on\"\n\t\t\t\t\t\t\t\tdata-xy=\"x:l,c,c,c;xo:60px,0,0,0;y:m;yo:0,0,0,-51px;\"\n\t\t\t\t\t\t\t\tdata-text=\"s:52,50,45,30;l:52,52,52,31;ls:6px,5px,5px,4px;fw:300;a:left,left,left,center;\"\n\t\t\t\t\t\t\t\tdata-frame_0=\"sX:2;sY:2;\"\n\t\t\t\t\t\t\t\tdata-frame_1=\"e:expo.inOut;st:400;sp:800;sR:400;\"\n\t\t\t\t\t\t\t\tdata-frame_999=\"x:0;y:0;z:-50;sX:0.85;sY:0.85;o:0;rX:0;rY:0;rZ:0;skX:0;skY:0;e:expo.inOut;st:w;sp:400;sR:4800;\"\n\t\t\t\t\t\t\t\tstyle=\"z-index:9;font-family:'Montserrat';text-transform:uppercase;\"\n\t\t\t\t\t\t\t>am\u00e9nagement <br \/>d\u2019espace int\u00e9rieur \n\t\t\t\t\t\t\t<\/h2><!--\n\n\t\t\t\t\t\t\t--><a\n\t\t\t\t\t\t\t\tid=\"slider-1-slide-2-layer-11\" \n\t\t\t\t\t\t\t\tclass=\"rs-layer rev-btn\"\n\t\t\t\t\t\t\t\thref=\"#\" target=\"_self\" rel=\"nofollow\"\n\t\t\t\t\t\t\t\tdata-type=\"button\"\n\t\t\t\t\t\t\t\tdata-rsp_ch=\"on\"\n\t\t\t\t\t\t\t\tdata-xy=\"x:l,c,c,c;xo:60px,0,0,0;yo:335px,450px,540px,350px;\"\n\t\t\t\t\t\t\t\tdata-text=\"w:normal;s:13,11,12,11;l:24,21,24,22;ls:3px,2px,1px,1px;fw:700,700,700,600;\"\n\t\t\t\t\t\t\t\tdata-dim=\"minh:0px,none,none,none;\"\n\t\t\t\t\t\t\t\tdata-padding=\"t:7,6,5,3;r:30,26,20,12;b:7,6,5,3;l:30,26,20,12;\"\n\t\t\t\t\t\t\t\tdata-border=\"bos:solid;boc:#ffffff;bow:2px,2px,2px,2px;\"\n\t\t\t\t\t\t\t\tdata-frame_0=\"y:50,43,32,19;\"\n\t\t\t\t\t\t\t\tdata-frame_1=\"e:expo.inOut;st:800;sp:400;\"\n\t\t\t\t\t\t\t\tdata-frame_999=\"y:50,43,32,19;o:0;st:w;sp:450;\"\n\t\t\t\t\t\t\t\tdata-frame_hover=\"c:#222;bgc:#fff;boc:#fff;bor:0px,0px,0px,0px;bos:solid;bow:2px,2px,2px,2px;sp:300ms;e:default;\"\n\t\t\t\t\t\t\t\tstyle=\"z-index:10;background-color:rgba(0,0,0,0);font-family:'Montserrat';text-transform:uppercase;\"\n\t\t\t\t\t\t\t>Notre portfolio \n\t\t\t\t\t\t\t<\/a><!--\n-->\t\t\t\t\t<\/rs-slide>\n\t\t\t\t\t\t<rs-slide style=\"position: absolute;\" data-key=\"rs-3\" data-title=\"Slide 1\" data-thumb=\"\/\/www.christophe-mas.com\/wp-content\/uploads\/2023\/01\/cuisine-scaled-100x50.jpg\" data-anim=\"ms:500;\" data-in=\"o:0;\" data-out=\"a:false;\">\n\t\t\t\t\t\t\t<img decoding=\"async\" src=\"\/\/www.christophe-mas.com\/wp-content\/plugins\/revslider\/sr6\/assets\/assets\/dummy.png\" alt=\"\" title=\"cuisine\" width=\"2560\" height=\"1467\" class=\"rev-slidebg tp-rs-img rs-lazyload\" data-lazyload=\"\/\/www.christophe-mas.com\/wp-content\/uploads\/2023\/01\/cuisine-scaled.jpg\" data-bg=\"p:center top;\" data-no-retina>\n<!--\n\t\t\t\t\t\t\t--><a\n\t\t\t\t\t\t\t\tid=\"slider-1-slide-3-layer-0\" \n\t\t\t\t\t\t\t\tclass=\"rs-layer rev-btn\"\n\t\t\t\t\t\t\t\thref=\"#\" target=\"_self\" rel=\"nofollow\"\n\t\t\t\t\t\t\t\tdata-type=\"button\"\n\t\t\t\t\t\t\t\tdata-rsp_ch=\"on\"\n\t\t\t\t\t\t\t\tdata-xy=\"x:l,c,c,c;xo:50px,0,0,0;yo:335px,450px,540px,350px;\"\n\t\t\t\t\t\t\t\tdata-text=\"w:normal;s:13,11,12,11;l:24,21,24,22;ls:3px,2px,1px,1px;fw:700,700,700,600;\"\n\t\t\t\t\t\t\t\tdata-dim=\"minh:0px,none,none,none;\"\n\t\t\t\t\t\t\t\tdata-padding=\"t:7,6,5,3;r:30,26,20,12;b:7,6,5,3;l:30,26,20,12;\"\n\t\t\t\t\t\t\t\tdata-border=\"bos:solid;boc:#ffffff;bow:2px,2px,2px,2px;\"\n\t\t\t\t\t\t\t\tdata-frame_0=\"y:50,43,32,19;\"\n\t\t\t\t\t\t\t\tdata-frame_1=\"e:expo.inOut;st:800;sp:400;\"\n\t\t\t\t\t\t\t\tdata-frame_999=\"y:50,43,32,19;o:0;st:w;sp:450;\"\n\t\t\t\t\t\t\t\tdata-frame_hover=\"c:#222;bgc:#fff;boc:#fff;bor:0px,0px,0px,0px;bos:solid;bow:2px,2px,2px,2px;sp:300ms;e:default;\"\n\t\t\t\t\t\t\t\tstyle=\"z-index:10;background-color:rgba(0,0,0,0);font-family:'Montserrat';text-transform:uppercase;\"\n\t\t\t\t\t\t\t>Notre portfolio \n\t\t\t\t\t\t\t<\/a><!--\n\n\t\t\t\t\t\t\t--><rs-layer\n\t\t\t\t\t\t\t\tid=\"slider-1-slide-3-layer-1\" \n\t\t\t\t\t\t\t\tclass=\"big-white\"\n\t\t\t\t\t\t\t\tdata-type=\"text\"\n\t\t\t\t\t\t\t\tdata-color=\"#000000\"\n\t\t\t\t\t\t\t\tdata-rsp_ch=\"on\"\n\t\t\t\t\t\t\t\tdata-xy=\"x:l,c,c,c;xo:50px,0,0,0;yo:160px,300px,400px,300px;\"\n\t\t\t\t\t\t\t\tdata-text=\"s:16,15,15,14;l:22;ls:6px,5px,4px,4px;fw:300;\"\n\t\t\t\t\t\t\t\tdata-frame_0=\"y:-50;\"\n\t\t\t\t\t\t\t\tdata-frame_1=\"e:expo.inOut;st:400;sp:800;\"\n\t\t\t\t\t\t\t\tdata-frame_999=\"y:-50;o:0;st:w;sp:450;\"\n\t\t\t\t\t\t\t\tstyle=\"z-index:8;font-family:'Montserrat';text-transform:uppercase;\"\n\t\t\t\t\t\t\t>vos travaux en toute s\u00e9r\u00e9nit\u00e9 \n\t\t\t\t\t\t\t<\/rs-layer><!--\n\n\t\t\t\t\t\t\t--><h2\n\t\t\t\t\t\t\t\tid=\"slider-1-slide-3-layer-2\" \n\t\t\t\t\t\t\t\tclass=\"rs-layer big-text\"\n\t\t\t\t\t\t\t\tdata-type=\"text\"\n\t\t\t\t\t\t\t\tdata-color=\"rgba(255, 255, 255, 1)\"\n\t\t\t\t\t\t\t\tdata-rsp_ch=\"on\"\n\t\t\t\t\t\t\t\tdata-xy=\"x:l,c,c,c;xo:50px,0,0,0;y:m;\"\n\t\t\t\t\t\t\t\tdata-text=\"s:52,50,45,40;l:23,23,23,25;ls:5px,5px,5px,4px;fw:300;\"\n\t\t\t\t\t\t\t\tdata-frame_0=\"sX:2;sY:2;\"\n\t\t\t\t\t\t\t\tdata-frame_1=\"e:expo.inOut;st:400;sp:800;sR:400;\"\n\t\t\t\t\t\t\t\tdata-frame_999=\"x:0;y:0;z:-50;sX:0.85;sY:0.85;o:0;rX:0;rY:0;rZ:0;skX:0;skY:0;e:expo.inOut;st:w;sp:400;sR:4800;\"\n\t\t\t\t\t\t\t\tstyle=\"z-index:9;font-family:'Montserrat';text-transform:uppercase;\"\n\t\t\t\t\t\t\t>Votre vie plus facile \n\t\t\t\t\t\t\t<\/h2><!--\n-->\t\t\t\t\t<\/rs-slide>\n\t\t\t\t\t<\/rs-slides>\n\t\t\t\t<\/rs-module>\n\t\t\t\t<script>\n\t\t\t\t\tsetREVStartSize({c: 'rev_slider_1_1',rl:[1240,1024,778,480],el:[500,768,960,720],gw:[1170,1024,778,480],gh:[500,768,960,720],type:'standard',justify:'',layout:'fullscreen',offsetContainer:'',offset:'',mh:\"0\"});if (window.RS_MODULES!==undefined && window.RS_MODULES.modules!==undefined && window.RS_MODULES.modules[\"revslider11\"]!==undefined) {window.RS_MODULES.modules[\"revslider11\"].once = false;window.revapi1 = undefined;if (window.RS_MODULES.checkMinimal!==undefined) window.RS_MODULES.checkMinimal()}\n\t\t\t\t<\/script>\n\t\t\t<\/rs-module-wrap>\n\t\t\t<!-- END REVOLUTION SLIDER -->\n[\/vc_column][\/vc_row][vc_row css=&#8221;.vc_custom_1495530476030{padding-top: 90px !important;padding-bottom: 60px !important;}&#8221;][vc_column animate=&#8221;fadeinup&#8221;]\n\t<!-- Element: OT Heading --> \t \n\t<h1 class=\"ot_custom_heading  \" style=\"text-align: center;\" >Notre m\u00e9tier<\/h1>\t\n\t<!-- Element: OT Line solid --> \t \n\t<div class=\" separator \"><span><i class=\"fa fa-circle\"><\/i><\/span><\/div>\n\t<div class=\"spacer-single\"><\/div>\t      \n[\/vc_column][vc_column width=&#8221;1\/3&#8243; animate=&#8221;fadeinleft&#8221;]\n\t<!-- Element: OT Heading --> \t \n\t<h3 class=\"ot_custom_heading  \" style=\"\" ><b>Conception<\/b> Cuisine<\/h3>\t\n[vc_column_text css=&#8221;.vc_custom_1673015611655{margin-bottom: 30px !important;}&#8221;]Vous avez un projet de cuisine, nous vous proposons nos services pour l&#8217;\u00e9tude, la conception et l&#8217;installation de la cuisine de vos r\u00eaves.[\/vc_column_text][vc_single_image image=&#8221;1502&#8243; img_size=&#8221;full&#8221;][\/vc_column][vc_column width=&#8221;1\/3&#8243; animate=&#8221;fadeinup&#8221;]\n\t<!-- Element: OT Heading --> \t \n\t<h3 class=\"ot_custom_heading  \" style=\"\" ><b>R\u00e9alisation <\/b> Agencement<\/h3>\t\n[vc_column_text css=&#8221;.vc_custom_1673015680664{margin-bottom: 30px !important;}&#8221;]Nous concevons, fabriquons et r\u00e9alisons l&#8217;agencement sur mesure de vos placards, rangements et dressings sur mesure selon vos envies.[\/vc_column_text][vc_single_image image=&#8221;1642&#8243; img_size=&#8221;full&#8221;][\/vc_column][vc_column width=&#8221;1\/3&#8243; animate=&#8221;fadinright&#8221;]\n\t<!-- Element: OT Heading --> \t \n\t<h3 class=\"ot_custom_heading  \" style=\"\" ><b>\u00c9tude<\/b> 3D et 2D<\/h3>\t\n[vc_column_text css=&#8221;.vc_custom_1673015698607{margin-bottom: 30px !important;}&#8221;]Pour l&#8217;\u00e9tude et la conception des cuisines, nous utilisons un logiciel sp\u00e9cialis\u00e9 qui nous permet de r\u00e9aliser des plans 3D et 2D.[\/vc_column_text][vc_single_image image=&#8221;1643&#8243; img_size=&#8221;full&#8221;][\/vc_column][\/vc_row][vc_row css_animation=&#8221;appear&#8221; css=&#8221;.vc_custom_1673882848946{padding-top: 90px !important;padding-bottom: 90px !important;background-image: url(https:\/\/www.christophe-mas.com\/wp-content\/uploads\/2023\/01\/design62.jpg?id=1568) !important;background-position: center !important;background-repeat: no-repeat !important;background-size: cover !important;}&#8221; el_class=&#8221;text-light bg-fixed&#8221;][vc_column]\n\t<!-- Element: OT Heading --> \t \n\t<h1 class=\"ot_custom_heading  \" style=\"text-align: center;color: #ffffff;\" >Notre Processus<\/h1>\t\n\t<!-- Element: OT Line solid --> \t \n\t<div class=\" separator \"><span><i class=\"fa fa-circle\"><\/i><\/span><\/div>\n\t<div class=\"spacer-single\"><\/div>\t      \n[\/vc_column][vc_column]\n\t<!-- Element: OT Process -->\n    <div class=\"de_tab tab_steps tab_6  tabs-square\">\n        <ul class=\"de_nav process-circle-textonly\">\n\t        \t            <li class=\"active wow fadeIn \" data-wow-delay=\"0.4s\">\n\t            \t<span class=\"content-mid\">\n\t            \t\t<div class=\"inner\">\t\t\n\t            \t\t\tSe rencontrer\t            \t\t<\/div>\n\t            \t<\/span>\t\t        \n\t\t            <div class=\"v-border\"><\/div>\n\t            <\/li>\n\t            \n\t        \t            <li class=\" wow fadeIn \" data-wow-delay=\"0.8s\">\n\t            \t<span class=\"content-mid\">\n\t            \t\t<div class=\"inner\">\t\t\n\t            \t\t\tId\u00e9e &#038; Concept\t            \t\t<\/div>\n\t            \t<\/span>\t\t        \n\t\t            <div class=\"v-border\"><\/div>\n\t            <\/li>\n\t            \n\t        \t            <li class=\" wow fadeIn \" data-wow-delay=\"1.2s\">\n\t            \t<span class=\"content-mid\">\n\t            \t\t<div class=\"inner\">\t\t\n\t            \t\t\tConcevoir &#038; cr\u00e9er\t            \t\t<\/div>\n\t            \t<\/span>\t\t        \n\t\t            <div class=\"v-border\"><\/div>\n\t            <\/li>\n\t            \n\t        \t            <li class=\" wow fadeIn \" data-wow-delay=\"1.6s\">\n\t            \t<span class=\"content-mid\">\n\t            \t\t<div class=\"inner\">\t\t\n\t            \t\t\tFabriquer &#038; installer\t            \t\t<\/div>\n\t            \t<\/span>\t\t        \n\t\t            <div class=\"v-border\"><\/div>\n\t            <\/li>\n\t            \n\t                <\/ul>\n\n        <div class=\"de_tab_content\">\n\t        \t            <div id=\"tab-615\" class=\"de_tab_content_inner\">\n\t                <p style=\"text-align: center;\"><span style=\"color: #ffffff;\"><strong>Venez nous rencontrer quand et o\u00f9 cela vous convient : dans notre showroom, lors d&#8217;une r\u00e9union en ligne, ou \u00e0 votre domicile. Nous concevrons ensemble votre nouvelle cuisine ou votre dressing avec notre logiciel 3D, en fonction de vos mesures et de vos besoins sp\u00e9cifiques. Nous vous enverrons ensuite un devis final.<\/strong><\/span><\/p>\n\t            <\/div>\n\t        \t            <div id=\"tab-616\" class=\"de_tab_content_inner\">\n\t                <p><span style=\"color: #00000;\">D\u00e8s que vous aurez une id\u00e9e approximative de la configuration que vous souhaitez, nous vous pr\u00e9senterons un croquis accompagn\u00e9 d&#8217;une estimation de prix r\u00e9alis\u00e9s. Notre logiciel vous permet de comparer les designs et mat\u00e9riaux en fonction de la configuration que vous aurez choisie. Une fois la bonne combinaison trouv\u00e9e, nous vous inviterons \u00e0 finaliser votre projet. <\/span><\/p>\n\t            <\/div>\n\t        \t            <div id=\"tab-617\" class=\"de_tab_content_inner\">\n\t                <p><span style=\"color: #00000;\">Une fois que vous aurez choisi le design et le plan de votre cuisine, nous passerons votre projet en revue une derni\u00e8re fois pour nous assurer que tout est en ordre. Lorsque vous aurez approuv\u00e9 et pass\u00e9 la commande, nous commencerons \u00e0 fabriquer votre cuisine.<\/span><\/p>\n\t            <\/div>\n\t        \t            <div id=\"tab-618\" class=\"de_tab_content_inner\">\n\t                <p><span style=\"color: #00000;\">Nous fabriquerons et livrerons tous les \u00e9l\u00e9ments de votre cuisine en m\u00eame temps selon un planning valid\u00e9 ensemble. Elle sera donc pr\u00eate \u00e0 \u00eatre mont\u00e9e imm\u00e9diatement. Le montage de votre cuisine et l&#8217;installation ainsi que les r\u00e9glages sur place par nos soins.<\/span><\/p>\n\t            <\/div>\n\t                <\/div>\n    <\/div>\n\n[\/vc_column][\/vc_row][vc_row fullwidth=&#8221;yes&#8221;][vc_column][\/vc_column][\/vc_row][vc_row fullwidth=&#8221;yes&#8221; css=&#8221;.vc_custom_1442204079522{padding-top: 60px !important;padding-bottom: 60px !important;}&#8221; el_class=&#8221;call-to-action bg-color text-center&#8221;][vc_column]\t\t\t\n\t<!-- Element: OT Button --> \n\t\t\t<a href=\"https:\/\/www.christophe-mas.com\/index.php\/nos_projets\/\" target=\"_self\" class=\"btn btn-line-black btn-big  \">VOIR NOS R\u00c9ALISATIONS<\/a>\n\t    \n[\/vc_column][\/vc_row][vc_row css=&#8221;.vc_custom_1495601107663{padding-top: 90px !important;padding-bottom: 90px !important;background-image: url(http:\/\/demo.archiwp.com\/light-version\/wp-content\/uploads\/sites\/2\/2015\/10\/bg-3.jpg?id=815) !important;background-position: center !important;background-repeat: no-repeat !important;background-size: cover !important;}&#8221; el_class=&#8221;text-light bg-fixed&#8221;][vc_column]\n\t<!-- Element: OT Heading --> \t \n\t<h1 class=\"ot_custom_heading  \" style=\"text-align: center;color: #eceff3;\" >Nos clients parlent de nous !<\/h1>\t\n\t<!-- Element: OT Line solid --> \t \n\t<div class=\" separator \"><span><i class=\"fa fa-circle\"><\/i><\/span><\/div>\n\t<div class=\"spacer-single\"><\/div>\t      \n\t<!-- Element: OT Testimonial Silder -->\t\n\t<div class=\"testimonial__carousel de_carousel wow fadeInUp\" data-wow-delay=\".3s\" data-visible=\"1\" data-autoplay=\"false\" data-autoheight=\"false\" data-speed=\"200\" data-navspeed=\"800\" data-rewinspeed=\"1000\">\n\t        <div class=\"col-md-12 item\">\n            <div class=\"de_testi\">\n                <blockquote>\n                    <p>Des bons conseils pour une cuisine fonctionnelle et moderne. Je suis tr\u00e8s contente du rendu qui correspond \u00e0 mes attentes. Je recommande<\/p>\n                    <div class=\"de_testi_by no-margin\">\n\n                    \t\n\t\t\t\t\t\t<div >\n                        \tJuliette Brard, Customer                        <\/div>\n\n                    <\/div>\n                <\/blockquote>\n            <\/div>\n        <\/div>\n            <\/div>\n\n[\/vc_column][\/vc_row]<\/p>\n<\/section>","protected":false},"excerpt":{"rendered":"<p>[vc_row fullwidth=&#8221;yes&#8221;][vc_column][\/vc_column][\/vc_row][vc_row css=&#8221;.vc_custom_1495530476030{padding-top: 90px !important;padding-bottom: 60px !important;}&#8221;][vc_column animate=&#8221;fadeinup&#8221;][\/vc_column][vc_column width=&#8221;1\/3&#8243; animate=&#8221;fadeinleft&#8221;][vc_column_text css=&#8221;.vc_custom_1673015611655{margin-bottom: 30px !important;}&#8221;]Vous avez un projet de cuisine, nous vous proposons nos services pour l&#8217;\u00e9tude, la conception et l&#8217;installation de la cuisine de vos r\u00eaves.[\/vc_column_text][vc_single_image image=&#8221;1502&#8243; img_size=&#8221;full&#8221;][\/vc_column][vc_column width=&#8221;1\/3&#8243; animate=&#8221;fadeinup&#8221;][vc_column_text css=&#8221;.vc_custom_1673015680664{margin-bottom: 30px !important;}&#8221;]Nous concevons, fabriquons et r\u00e9alisons l&#8217;agencement sur mesure de vos placards, rangements et dressings [&hellip;]<\/p>\n","protected":false},"author":1,"featured_media":0,"parent":0,"menu_order":0,"comment_status":"open","ping_status":"open","template":"page-templates\/template-canvas.php","meta":{"footnotes":""},"class_list":["post-141","page","type-page","status-publish","hentry"],"_links":{"self":[{"href":"https:\/\/www.christophe-mas.com\/index.php\/wp-json\/wp\/v2\/pages\/141","targetHints":{"allow":["GET"]}}],"collection":[{"href":"https:\/\/www.christophe-mas.com\/index.php\/wp-json\/wp\/v2\/pages"}],"about":[{"href":"https:\/\/www.christophe-mas.com\/index.php\/wp-json\/wp\/v2\/types\/page"}],"author":[{"embeddable":true,"href":"https:\/\/www.christophe-mas.com\/index.php\/wp-json\/wp\/v2\/users\/1"}],"replies":[{"embeddable":true,"href":"https:\/\/www.christophe-mas.com\/index.php\/wp-json\/wp\/v2\/comments?post=141"}],"version-history":[{"count":17,"href":"https:\/\/www.christophe-mas.com\/index.php\/wp-json\/wp\/v2\/pages\/141\/revisions"}],"predecessor-version":[{"id":1647,"href":"https:\/\/www.christophe-mas.com\/index.php\/wp-json\/wp\/v2\/pages\/141\/revisions\/1647"}],"wp:attachment":[{"href":"https:\/\/www.christophe-mas.com\/index.php\/wp-json\/wp\/v2\/media?parent=141"}],"curies":[{"name":"wp","href":"https:\/\/api.w.org\/{rel}","templated":true}]}}