{"id":1073,"date":"2016-11-29T08:44:39","date_gmt":"2016-11-29T08:44:39","guid":{"rendered":"http:\/\/demo.oceanthemes.net\/archi\/version-light\/?page_id=1073"},"modified":"2023-01-16T23:34:43","modified_gmt":"2023-01-16T22:34:43","slug":"homepage-new","status":"publish","type":"page","link":"https:\/\/www.christophe-mas.com\/index.php\/homepage-new\/","title":{"rendered":"Homepage New"},"content":{"rendered":"<section class=\"wpb-content-wrapper\"><p>[vc_row fullwidth=&#8221;yes&#8221; archi_fullheight=&#8221;yes&#8221; archi_parallax=&#8221;yes&#8221; css=&#8221;.vc_custom_1673868513942{padding-top: 90px !important;padding-bottom: 90px !important;background-image: url(https:\/\/www.christophe-mas.com\/wp-content\/uploads\/2023\/01\/1920X1276.jpg?id=1536) !important;}&#8221; el_class=&#8221;no-relative full-height&#8221;][vc_column css=&#8221;.vc_custom_1673891388161{margin-top: -120px !important;}&#8221;]\t\n\t<!-- Element: OT Home Parallax Image Landing -->\n\t   \n    <div class=\"center-y text-center\">\n    \t \n\t\t\t<div class=\"spacer-double\"><\/div>\n\t\t\n    \t\t        <h1 class=\"title\" >R\u00e9alisons <strong>Vos Envies<\/strong> Ensemble !<\/h1>\n\t     \n\t    \n\t       \n\t    \t<div class=\"spacer-single\"><\/div>\n\t    \n                <a href=\"https:\/\/https\" class=\"btn-slider scroll-to\" title=\"Contactez-nous !\" target=\"_self\">Contactez-nous !<\/a>        \n    <\/div>\n    \n[\/vc_column][\/vc_row][vc_row][vc_column el_class=&#8221;mt-70&#8243;]\t<!-- Element: OT Featured Boxes 2 --> \n   <div class=\"row\">\n            \t<div class=\" wow fadeInRight col-md-6 text-middle\" data-wow-delay=\"1s\" >\n            <div class=\"shadow-soft\" data-bgimage=\"url(https:\/\/www.christophe-mas.com\/wp-content\/uploads\/2016\/11\/p1_b.jpg)\">\n                <div class=\"padding40 overlay60\">\n                    <h3> <p style=\"color:#47E50B;\">Cr\u00e9ateur de Cuisines<\/p><\/h3>                \t<p><span style=\"color:#FFFFFF;\">Un artisan cuisiniste, sp\u00e9cialiste de la cuisine am\u00e9nag\u00e9e haut de gamme vous accompagne dans votre projet, pour une cuisine 100 % personnalis\u00e9e. De l\u2019agencement global de votre espace cuisine au choix des finitions, b\u00e9n\u00e9ficiez d\u2019une cuisine sur mesure imagin\u00e9e pour r\u00e9pondre \u00e0 vos besoins au quotidien et qui corresponde \u00e0 vos choix esth\u00e9tiques :  Imaginez la cuisine de vos r\u00eaves.<\/span><\/p>                                    <\/div>\n            <\/div>\n        <\/div>\n            \t<div class=\" wow fadeInRight col-md-6 text-middle\" data-wow-delay=\"2s\" >\n            <div class=\"shadow-soft\" data-bgimage=\"url(https:\/\/www.christophe-mas.com\/wp-content\/uploads\/2016\/11\/p3_b.jpg)\">\n                <div class=\"padding40 overlay60\">\n                    <h3><p style=\"color:#47E50B;\">Agencement d'espaces int\u00e9rieur<\/p><\/h3>                \t<p><span style=\"color:#FFFFFF;\">CM Cuisines est sp\u00e9cialiste dans l\u2019agencement  sur mesure. Depuis plus de 20 ans nous am\u00e9nageons des dressings, armoires et placards. Faites appel \u00e0 notre savoir-faire pour l\u2019am\u00e9nagement de votre dressing dans votre chambre et votre entr\u00e9e. La localisation de notre atelier de fabrication \u00e0 Villaz nous permets d\u2019intervenir dans les trois d\u00e9partements, Haute-Savoie, Savoie et l'Ain.<\/span><\/p>                                    <\/div>\n            <\/div>\n        <\/div>\n         <\/div>\n\n[\/vc_column][\/vc_row][vc_row el_id=&#8221;section-why-choose-us-2&#8243; css=&#8221;.vc_custom_1480068996195{padding-top: 90px !important;padding-bottom: 90px !important;}&#8221;][vc_column width=&#8221;1\/3&#8243;][vc_single_image image=&#8221;1540&#8243; img_size=&#8221;full&#8221; css=&#8221;.vc_custom_1673869264211{margin-bottom: 0px !important;}&#8221;][\/vc_column][vc_column width=&#8221;2\/3&#8243; animate=&#8221;fadeinup&#8221; delay=&#8221;0&#8243;][vc_row_inner][vc_column_inner width=&#8221;1\/2&#8243; animate=&#8221;fadeinright&#8221; delay=&#8221;0&#8243;]\t\t\n\t<!-- OT Info Apps 2 -->\n    <div class=\" box-icon \">\n\t     \n\t    \t<span class=\"icon wow fadeIn\" data-wow-delay=&quot;.5s&quot;>\n\t        \t<i class=\"id-color icon-paintbrush\" ><\/i>\n\t        <\/span>\n\t       \n        <div class=\"text\">\n            <h3>LE M\u00c9TIER D\u2019ARTISAN<\/h3>\n            <p>Que vous souhaitiez cr\u00e9er une cuisine ou un rangement dans votre logement en cours de construction ou reprendre des \u00e9l\u00e9ments d\u00e9j\u00e0 install\u00e9s, CM Cuisines est le professionnel qu\u2019il vous faut !<\/p>\n                    <\/div>        \n    <\/div>    \n\n[\/vc_column_inner][vc_column_inner width=&#8221;1\/2&#8243; animate=&#8221;fadeinright&#8221; delay=&#8221;.25&#8243;][\/vc_column_inner][vc_column_inner][vc_empty_space height=&#8221;30px&#8221;][\/vc_column_inner][vc_column_inner width=&#8221;1\/2&#8243; animate=&#8221;fadeinright&#8221; delay=&#8221;.5&#8243;][\/vc_column_inner][vc_column_inner width=&#8221;1\/2&#8243; animate=&#8221;fadeinright&#8221; delay=&#8221;.75&#8243;]\t\t\n\t<!-- OT Info Apps 2 -->\n    <div class=\" box-icon \">\n\t     \n\t    \t<span class=\"icon wow fadeIn\" data-wow-delay=&quot;1.5s&quot;>\n\t        \t<i class=\"id-color icon-recycle\" ><\/i>\n\t        <\/span>\n\t       \n        <div class=\"text\">\n            <h3>LA FIABILIT\u00c9 \u00c0 LONG TERME<\/h3>\n            <p>Faire poser, une cuisine r\u00e9alis\u00e9e par un artisan cuisiniste est g\u00e9n\u00e9ralement beaucoup plus solide. La pose est plus rigoureuse et les mat\u00e9riaux plus solides. Et la garantie d'un travail effectu\u00e9 avec passion et professionnalisme !<\/p>\n                    <\/div>        \n    <\/div>    \n\n[\/vc_column_inner][vc_column_inner][vc_empty_space height=&#8221;30px&#8221;][\/vc_column_inner][vc_column_inner width=&#8221;1\/2&#8243; animate=&#8221;fadeinright&#8221; delay=&#8221;1&#8243;]\t\t\n\t<!-- OT Info Apps 2 -->\n    <div class=\" box-icon \">\n\t     \n\t    \t<span class=\"icon wow fadeIn\" data-wow-delay=&quot;1s&quot;>\n\t        \t<i class=\"id-color icon-chat\" ><\/i>\n\t        <\/span>\n\t       \n        <div class=\"text\">\n            <h3>Nous consulter<\/h3>\n            <p>Vous avez un projet de cuisine ou d'agencement ?<br \/>\nVous d\u00e9sirez \u00eatre accompagn\u00e9 par notre \u00e9quipe ?<br \/>\nVotre projet demande du sur mesure haut de gamme et n\u00e9cessite un point de vue de professionnel ?<\/p>\n                    <\/div>        \n    <\/div>    \n\n[\/vc_column_inner][vc_column_inner width=&#8221;1\/2&#8243; animate=&#8221;fadeinright&#8221; delay=&#8221;1.25&#8243;][\/vc_column_inner][\/vc_row_inner][\/vc_column][\/vc_row][vc_row css=&#8221;.vc_custom_1495620712799{padding-top: 90px !important;padding-bottom: 90px !important;background-image: url(https:\/\/www.christophe-mas.com\/wp-content\/uploads\/2016\/10\/bg-17.jpg?id=1021) !important;}&#8221; el_class=&#8221;text-light bg-fixed&#8221;][vc_column width=&#8221;1\/2&#8243;][vc_column_text]<\/p>\n<h2>CM Cuisines &amp; Agencements<\/h2>\n<p class=\"lead\">Sp\u00e9cialiste en conception, am\u00e9nagement et installation de cuisines, dressings et placards.<\/p>\n<p>Depuis plusieurs ann\u00e9es nous proposons \u00e0 nos clients une \u00e9tude gratuite, compl\u00e8te et personnalis\u00e9e de leur projet.<\/p>\n<p>Nous sommes install\u00e9s pr\u00e8s d&#8217;Annecy, position strat\u00e9gique, ce qui nous permet d&#8217;intervenir et d&#8217;acc\u00e9der rapidement \u00e0 une vaste zone g\u00e9ographique, principalement sur toute la Haute-Savoie, le Nord de la Savoie et le Pays de Gex, d&#8217;Aix-les-Bains \u00e0 Chamonix en passant par Cluses, Bonneville, Thonon-les-Bains, Annemasse et Saint-Julien en Genevois.<\/p>\n<p>[\/vc_column_text]\t\t\t\n\t<!-- Element: OT Button --> \n\t\t\t<a href=\"https:\/\/www.christophe-mas.com\/index.php\/contact\/\" target=\"_self\" class=\"btn btn-line-black btn-big vc_custom_1673908478949 \">Nous contacter<\/a>\n\t    \n[\/vc_column][vc_column width=&#8221;1\/2&#8243;][vc_single_image image=&#8221;1543&#8243; img_size=&#8221;full&#8221; css=&#8221;.vc_custom_1673870093241{margin-bottom: 0px !important;}&#8221;][\/vc_column][\/vc_row][vc_row el_class=&#8221;bg-color text-dark text-center&#8221; css=&#8221;.vc_custom_1480073166455{padding-top: 40px !important;padding-bottom: 40px !important;}&#8221;][vc_column]<!-- Element: OT Typing Text -->\n<div class=\"typing-wrap \"  data-id=\"69eccd976022a\" data-cursorchar=\"|\" data-speed=\"100\" data-delay=\"1500\">\n    Nous concevons\t<div class=\"typed-strings\">\n\t\t\t\t\t<p >des lieux de vie selon vos id\u00e9es<\/p>\t\n\t\t\t\t\t<p >des agencements personnalis\u00e9s<\/p>\t\n\t\t\t\t\t<p >des cuisines sur mesure<\/p>\t\n\t\t\t\t\t<p >des dressings sur mesure<\/p>\t\n\t\t\t\t\t\t\t\t\t\t\n\t<\/div>\n    <span class=\"typed-69eccd976022a\"><\/span>\n<\/div>\n\n[\/vc_column][\/vc_row][vc_row][vc_column]\t<!-- Element: OT Featured Boxes --> \n   \t<div class=\"display-table text-light\">\n         <\/div>\n\n[\/vc_column][\/vc_row]<\/p>\n<\/section>","protected":false},"excerpt":{"rendered":"<p>[vc_row fullwidth=&#8221;yes&#8221; archi_fullheight=&#8221;yes&#8221; archi_parallax=&#8221;yes&#8221; css=&#8221;.vc_custom_1673868513942{padding-top: 90px !important;padding-bottom: 90px !important;background-image: url(https:\/\/www.christophe-mas.com\/wp-content\/uploads\/2023\/01\/1920X1276.jpg?id=1536) !important;}&#8221; el_class=&#8221;no-relative full-height&#8221;][vc_column css=&#8221;.vc_custom_1673891388161{margin-top: -120px !important;}&#8221;][\/vc_column][\/vc_row][vc_row][vc_column el_class=&#8221;mt-70&#8243;][\/vc_column][\/vc_row][vc_row el_id=&#8221;section-why-choose-us-2&#8243; css=&#8221;.vc_custom_1480068996195{padding-top: 90px !important;padding-bottom: 90px !important;}&#8221;][vc_column width=&#8221;1\/3&#8243;][vc_single_image image=&#8221;1540&#8243; img_size=&#8221;full&#8221; css=&#8221;.vc_custom_1673869264211{margin-bottom: 0px !important;}&#8221;][\/vc_column][vc_column width=&#8221;2\/3&#8243; animate=&#8221;fadeinup&#8221; delay=&#8221;0&#8243;][vc_row_inner][vc_column_inner width=&#8221;1\/2&#8243; animate=&#8221;fadeinright&#8221; delay=&#8221;0&#8243;][\/vc_column_inner][vc_column_inner width=&#8221;1\/2&#8243; animate=&#8221;fadeinright&#8221; delay=&#8221;.25&#8243;][\/vc_column_inner][vc_column_inner][vc_empty_space height=&#8221;30px&#8221;][\/vc_column_inner][vc_column_inner width=&#8221;1\/2&#8243; animate=&#8221;fadeinright&#8221; delay=&#8221;.5&#8243;][\/vc_column_inner][vc_column_inner width=&#8221;1\/2&#8243; animate=&#8221;fadeinright&#8221; delay=&#8221;.75&#8243;][\/vc_column_inner][vc_column_inner][vc_empty_space height=&#8221;30px&#8221;][\/vc_column_inner][vc_column_inner width=&#8221;1\/2&#8243; animate=&#8221;fadeinright&#8221; delay=&#8221;1&#8243;][\/vc_column_inner][vc_column_inner width=&#8221;1\/2&#8243; animate=&#8221;fadeinright&#8221; delay=&#8221;1.25&#8243;][\/vc_column_inner][\/vc_row_inner][\/vc_column][\/vc_row][vc_row css=&#8221;.vc_custom_1495620712799{padding-top: 90px !important;padding-bottom: [&hellip;]<\/p>\n","protected":false},"author":1,"featured_media":0,"parent":0,"menu_order":0,"comment_status":"closed","ping_status":"closed","template":"page-templates\/template-canvas.php","meta":{"footnotes":""},"class_list":["post-1073","page","type-page","status-publish","hentry"],"_links":{"self":[{"href":"https:\/\/www.christophe-mas.com\/index.php\/wp-json\/wp\/v2\/pages\/1073","targetHints":{"allow":["GET"]}}],"collection":[{"href":"https:\/\/www.christophe-mas.com\/index.php\/wp-json\/wp\/v2\/pages"}],"about":[{"href":"https:\/\/www.christophe-mas.com\/index.php\/wp-json\/wp\/v2\/types\/page"}],"author":[{"embeddable":true,"href":"https:\/\/www.christophe-mas.com\/index.php\/wp-json\/wp\/v2\/users\/1"}],"replies":[{"embeddable":true,"href":"https:\/\/www.christophe-mas.com\/index.php\/wp-json\/wp\/v2\/comments?post=1073"}],"version-history":[{"count":30,"href":"https:\/\/www.christophe-mas.com\/index.php\/wp-json\/wp\/v2\/pages\/1073\/revisions"}],"predecessor-version":[{"id":1637,"href":"https:\/\/www.christophe-mas.com\/index.php\/wp-json\/wp\/v2\/pages\/1073\/revisions\/1637"}],"wp:attachment":[{"href":"https:\/\/www.christophe-mas.com\/index.php\/wp-json\/wp\/v2\/media?parent=1073"}],"curies":[{"name":"wp","href":"https:\/\/api.w.org\/{rel}","templated":true}]}}